{"id":54,"date":"2021-01-25T16:30:49","date_gmt":"2021-01-25T16:30:49","guid":{"rendered":"http:\/\/localhost:8888\/guenther\/?page_id=54"},"modified":"2021-07-15T20:40:57","modified_gmt":"2021-07-15T18:40:57","slug":"impressum","status":"publish","type":"page","link":"https:\/\/verein-guenter.at\/essbare-stadt\/impressum\/","title":{"rendered":"Impressum"},"content":{"rendered":"","protected":false},"excerpt":{"rendered":"","protected":false},"author":1,"featured_media":0,"parent":0,"menu_order":2,"comment_status":"closed","ping_status":"closed","template":"","meta":[],"class_list":["post-54","page","type-page","status-publish","hentry"],"grid":"{\r\n  \"colCount\": 12,\r\n  \"colGutter\": 1,\r\n  \"rowGutters\": [],\r\n  \"frameMargin\": 6,\r\n  \"topFrameMargin\": 16,\r\n  \"bottomFrameMargin\": 5,\r\n  \"rowAttrs\": [\r\n    {}\r\n  ],\r\n  \"bgColor\": null,\r\n  \"cont\": [\r\n    {\r\n      \"type\": \"text\",\r\n      \"cont\": \"<p class=\\\"_Fliesstext\\\" style=\\\"text-align: center;\\\"><b>IMPRESSUM<\/b><\/p><p class=\\\"_Fliesstext\\\" style=\\\"text-align: center;\\\"><b>Verein G\u00fcnter \u2013 <\/b><b>Anders als Bisher. \u00f6kologisch-solidarisch-sozial<br \/><br \/>Im Steinat 12<br \/>6850 Dornbirn<br \/><br \/>Obmann: Herrn Thomas Mathis<br \/><\/b><\/p><p class=\\\"_Fliesstext\\\" style=\\\"text-align: center;\\\">Die Inhalte der Website werden mit gr\u00f6\u00dftm\u00f6glicher Sorgfalt erstellt. Die Inhalte<span class=\\\"Apple-converted-space\\\">\u00a0<\/span>dieser Website dienen der Information. Es kommen durch die Nutzung<span class=\\\"Apple-converted-space\\\">\u00a0<\/span>der Website keinerlei Rechtsgesch\u00e4fte f\u00fcr die Nutzer zustande. Der Anbieter<span class=\\\"Apple-converted-space\\\">\u00a0<\/span>\u00fcbernimmt jedoch keine Gew\u00e4hr f\u00fcr die Richtigkeit, Vollst\u00e4ndigkeit und<span class=\\\"Apple-converted-space\\\">\u00a0<\/span>Aktualit\u00e4t der bereitgestellten Inhalte. Die Nutzung der Inhalte der Website erfolgt auf eigene Gefahr des Nutzers.<\/p><p class=\\\"_Fliesstext\\\" style=\\\"text-align: center;\\\"><b>Urheberrecht<\/b><\/p><p class=\\\"_Fliesstext\\\" style=\\\"text-align: center;\\\">Alle Bilder, Aufnahmen und Textinhalte auf dieser Website unterliegen dem<span class=\\\"Apple-converted-space\\\">\u00a0<\/span>Urheberrecht. Jede Weiterverwendung, Verbreitung und sonstige Art der<span class=\\\"Apple-converted-space\\\">\u00a0<\/span>Verwendung des Materials sowie Weitergabe an Dritte, Vervielf\u00e4ltigung und jede Form von gewerblicher Nutzung bedarf einer ausdr\u00fccklichen vorherigen<span class=\\\"Apple-converted-space\\\">\u00a0<\/span>schriftlichen Genehmigung des Urhebers.<\/p>\",\r\n      \"align\": \"middle\",\r\n      \"row\": 0,\r\n      \"col\": 3,\r\n      \"colspan\": 6,\r\n      \"offsetx\": 0,\r\n      \"offsety\": 0,\r\n      \"spaceabove\": 0,\r\n      \"spacebelow\": 0,\r\n      \"yvel\": 1,\r\n      \"push\": 3,\r\n      \"relid\": 4,\r\n      \"frameOverflow\": \"\"\r\n    }\r\n  ]\r\n}","phonegrid":"","_links":{"self":[{"href":"https:\/\/verein-guenter.at\/essbare-stadt\/wp-json\/wp\/v2\/pages\/54","targetHints":{"allow":["GET"]}}],"collection":[{"href":"https:\/\/verein-guenter.at\/essbare-stadt\/wp-json\/wp\/v2\/pages"}],"about":[{"href":"https:\/\/verein-guenter.at\/essbare-stadt\/wp-json\/wp\/v2\/types\/page"}],"author":[{"embeddable":true,"href":"https:\/\/verein-guenter.at\/essbare-stadt\/wp-json\/wp\/v2\/users\/1"}],"replies":[{"embeddable":true,"href":"https:\/\/verein-guenter.at\/essbare-stadt\/wp-json\/wp\/v2\/comments?post=54"}],"version-history":[{"count":0,"href":"https:\/\/verein-guenter.at\/essbare-stadt\/wp-json\/wp\/v2\/pages\/54\/revisions"}],"wp:attachment":[{"href":"https:\/\/verein-guenter.at\/essbare-stadt\/wp-json\/wp\/v2\/media?parent=54"}],"curies":[{"name":"wp","href":"https:\/\/api.w.org\/{rel}","templated":true}]}}